{"id":13471,"date":"2023-09-29T08:12:02","date_gmt":"2023-09-29T08:12:02","guid":{"rendered":"https:\/\/deeplandexpress.com\/services\/"},"modified":"2025-09-02T21:09:52","modified_gmt":"2025-09-02T21:09:52","slug":"services","status":"publish","type":"page","link":"https:\/\/deeplandexpress.com\/fr\/services\/","title":{"rendered":"Services"},"content":{"rendered":"\t\t<div data-elementor-type=\"wp-page\" data-elementor-id=\"13471\" class=\"elementor elementor-13471 elementor-46\" data-elementor-post-type=\"page\">\n\t\t\t\t<div class=\"elementor-element elementor-element-d7326cc e-flex e-con-boxed e-con e-parent \" data-id=\"d7326cc\" data-element_type=\"container\">\t\t\t<div class=\"e-con-inner\">\r\n\t\t\t\t<div class=\"elementor-element elementor-element-39fd0f4 pxl-post-layout-service-1 elementor-widget elementor-widget-pxl_post_grid\" data-id=\"39fd0f4\" data-element_type=\"widget\" data-widget_type=\"pxl_post_grid.default\">\n\t\t\t\t<div class=\"elementor-widget-container\">\n\t\t\t\t\t\n<div id=\"pxl_post_grid-39fd0f4-5791\" class=\"pxl-grid pxl-service-grid pxl-service-grid-layout1 pxl-service-style1 style-2\" data-layout=\"masonry\" data-start-page=\"1\" data-max-pages=\"1\" data-total=\"9\" data-perpage=\"10\" data-next-link=\"\">\n    \n    <div class=\"pxl-grid-inner pxl-grid-masonry row\" data-gutter=\"15\">\n        <div class=\"grid-sizer col-xl-4 col-lg-4 col-md-4 col-sm-6 col-12\"><\/div>\n                    <div class=\"pxl-grid-item col-xl-4 col-lg-4 col-md-4 col-sm-6 col-12 road\">\n                <div class=\"pxl-item--inner \" data-wow-duration=\"1.2s\">\n                                        <div class=\"pxl-item--featured\">\n                        <a href=\"https:\/\/deeplandexpress.com\/fr\/service\/services-transfrontaliers-canada-et-etats-unis\/\">\n                            <img fetchpriority=\"high\" decoding=\"async\" class=\"\" src=\"https:\/\/deeplandexpress.com\/wp-content\/uploads\/2025\/08\/0044-740x460.jpg\" width=\"740\" height=\"460\" alt=\"0044\" title=\"0044\" \/>                        <\/a>\n                    <\/div>\n                                <div class=\"wrap-inner\">\n                                                            <h5 class=\"pxl-item--title\">\n                        <a href=\"https:\/\/deeplandexpress.com\/fr\/service\/services-transfrontaliers-canada-et-etats-unis\/\">Services transfrontaliers Canada et \u00c9tats-Unis<\/a>\n                    <\/h5>\n                    <div class=\"item--content\">\n                                            <\/div>\n                    <div class=\"pxl-item--readmore\">\n                        <a class=\"btn-readmore\" href=\"https:\/\/deeplandexpress.com\/fr\/service\/services-transfrontaliers-canada-et-etats-unis\/\">\n                            <span>\n                                apprendre encore plus                            <\/span>\n                        <\/a>\n                    <\/div>\n                <\/div>\n            <\/div>\n        <\/div>\n                    <div class=\"pxl-grid-item col-xl-4 col-lg-4 col-md-4 col-sm-6 col-12 road\">\n                <div class=\"pxl-item--inner \" data-wow-duration=\"1.2s\">\n                                        <div class=\"pxl-item--featured\">\n                        <a href=\"https:\/\/deeplandexpress.com\/fr\/service\/services-de-transport-sous-douane\/\">\n                            <img decoding=\"async\" class=\"\" src=\"https:\/\/deeplandexpress.com\/wp-content\/uploads\/2025\/08\/0038-740x460.jpg\" width=\"740\" height=\"460\" alt=\"0038\" title=\"0038\" \/>                        <\/a>\n                    <\/div>\n                                <div class=\"wrap-inner\">\n                                                            <h5 class=\"pxl-item--title\">\n                        <a href=\"https:\/\/deeplandexpress.com\/fr\/service\/services-de-transport-sous-douane\/\">Services de transport sous douane<\/a>\n                    <\/h5>\n                    <div class=\"item--content\">\n                                            <\/div>\n                    <div class=\"pxl-item--readmore\">\n                        <a class=\"btn-readmore\" href=\"https:\/\/deeplandexpress.com\/fr\/service\/services-de-transport-sous-douane\/\">\n                            <span>\n                                apprendre encore plus                            <\/span>\n                        <\/a>\n                    <\/div>\n                <\/div>\n            <\/div>\n        <\/div>\n                    <div class=\"pxl-grid-item col-xl-4 col-lg-4 col-md-4 col-sm-6 col-12 sea\">\n                <div class=\"pxl-item--inner \" data-wow-duration=\"1.2s\">\n                                        <div class=\"pxl-item--featured\">\n                        <a href=\"https:\/\/deeplandexpress.com\/fr\/service\/ftl-camion-complet\/\">\n                            <img decoding=\"async\" class=\"\" src=\"https:\/\/deeplandexpress.com\/wp-content\/uploads\/2025\/08\/0045-740x460.jpg\" width=\"740\" height=\"460\" alt=\"0045\" title=\"0045\" \/>                        <\/a>\n                    <\/div>\n                                <div class=\"wrap-inner\">\n                                                            <h5 class=\"pxl-item--title\">\n                        <a href=\"https:\/\/deeplandexpress.com\/fr\/service\/ftl-camion-complet\/\">FTL (camion complet)<\/a>\n                    <\/h5>\n                    <div class=\"item--content\">\n                                            <\/div>\n                    <div class=\"pxl-item--readmore\">\n                        <a class=\"btn-readmore\" href=\"https:\/\/deeplandexpress.com\/fr\/service\/ftl-camion-complet\/\">\n                            <span>\n                                apprendre encore plus                            <\/span>\n                        <\/a>\n                    <\/div>\n                <\/div>\n            <\/div>\n        <\/div>\n                    <div class=\"pxl-grid-item col-xl-4 col-lg-4 col-md-4 col-sm-6 col-12 sea\">\n                <div class=\"pxl-item--inner \" data-wow-duration=\"1.2s\">\n                                        <div class=\"pxl-item--featured\">\n                        <a href=\"https:\/\/deeplandexpress.com\/fr\/service\/ltl-chargement-partiel\/\">\n                            <img loading=\"lazy\" decoding=\"async\" class=\"\" src=\"https:\/\/deeplandexpress.com\/wp-content\/uploads\/2025\/08\/0039-740x460.jpg\" width=\"740\" height=\"460\" alt=\"0039\" title=\"0039\" \/>                        <\/a>\n                    <\/div>\n                                <div class=\"wrap-inner\">\n                                                            <h5 class=\"pxl-item--title\">\n                        <a href=\"https:\/\/deeplandexpress.com\/fr\/service\/ltl-chargement-partiel\/\">LTL (Chargement partiel)<\/a>\n                    <\/h5>\n                    <div class=\"item--content\">\n                                            <\/div>\n                    <div class=\"pxl-item--readmore\">\n                        <a class=\"btn-readmore\" href=\"https:\/\/deeplandexpress.com\/fr\/service\/ltl-chargement-partiel\/\">\n                            <span>\n                                apprendre encore plus                            <\/span>\n                        <\/a>\n                    <\/div>\n                <\/div>\n            <\/div>\n        <\/div>\n                    <div class=\"pxl-grid-item col-xl-4 col-lg-4 col-md-4 col-sm-6 col-12 sea\">\n                <div class=\"pxl-item--inner \" data-wow-duration=\"1.2s\">\n                                        <div class=\"pxl-item--featured\">\n                        <a href=\"https:\/\/deeplandexpress.com\/fr\/service\/marchandises-general\/\">\n                            <img loading=\"lazy\" decoding=\"async\" class=\"\" src=\"https:\/\/deeplandexpress.com\/wp-content\/uploads\/2023\/11\/740x460General-Freight.jpg\" width=\"740\" height=\"460\" alt=\"740x460General Freight\" title=\"740x460General Freight\" \/>                        <\/a>\n                    <\/div>\n                                <div class=\"wrap-inner\">\n                                                            <h5 class=\"pxl-item--title\">\n                        <a href=\"https:\/\/deeplandexpress.com\/fr\/service\/marchandises-general\/\">Marchandises g\u00e9n\u00e9ral<\/a>\n                    <\/h5>\n                    <div class=\"item--content\">\n                                            <\/div>\n                    <div class=\"pxl-item--readmore\">\n                        <a class=\"btn-readmore\" href=\"https:\/\/deeplandexpress.com\/fr\/service\/marchandises-general\/\">\n                            <span>\n                                apprendre encore plus                            <\/span>\n                        <\/a>\n                    <\/div>\n                <\/div>\n            <\/div>\n        <\/div>\n                    <div class=\"pxl-grid-item col-xl-4 col-lg-4 col-md-4 col-sm-6 col-12 sea\">\n                <div class=\"pxl-item--inner \" data-wow-duration=\"1.2s\">\n                                        <div class=\"pxl-item--featured\">\n                        <a href=\"https:\/\/deeplandexpress.com\/fr\/service\/transport-a-temperature-controlee\/\">\n                            <img loading=\"lazy\" decoding=\"async\" class=\"\" src=\"https:\/\/deeplandexpress.com\/wp-content\/uploads\/2023\/11\/1234.png\" width=\"740\" height=\"460\" alt=\"1234\" title=\"1234\" \/>                        <\/a>\n                    <\/div>\n                                <div class=\"wrap-inner\">\n                                                            <h5 class=\"pxl-item--title\">\n                        <a href=\"https:\/\/deeplandexpress.com\/fr\/service\/transport-a-temperature-controlee\/\">Transport \u00e0 temp\u00e9rature contr\u00f4l\u00e9e<\/a>\n                    <\/h5>\n                    <div class=\"item--content\">\n                                            <\/div>\n                    <div class=\"pxl-item--readmore\">\n                        <a class=\"btn-readmore\" href=\"https:\/\/deeplandexpress.com\/fr\/service\/transport-a-temperature-controlee\/\">\n                            <span>\n                                apprendre encore plus                            <\/span>\n                        <\/a>\n                    <\/div>\n                <\/div>\n            <\/div>\n        <\/div>\n                    <div class=\"pxl-grid-item col-xl-4 col-lg-4 col-md-4 col-sm-6 col-12 sea\">\n                <div class=\"pxl-item--inner \" data-wow-duration=\"1.2s\">\n                                        <div class=\"pxl-item--featured\">\n                        <a href=\"https:\/\/deeplandexpress.com\/fr\/service\/matieres-dangereuses\/\">\n                            <img loading=\"lazy\" decoding=\"async\" class=\"\" src=\"https:\/\/deeplandexpress.com\/wp-content\/uploads\/2025\/08\/0040-740x460.jpg\" width=\"740\" height=\"460\" alt=\"0040\" title=\"0040\" \/>                        <\/a>\n                    <\/div>\n                                <div class=\"wrap-inner\">\n                                                            <h5 class=\"pxl-item--title\">\n                        <a href=\"https:\/\/deeplandexpress.com\/fr\/service\/matieres-dangereuses\/\">Mati\u00e8res dangereuses<\/a>\n                    <\/h5>\n                    <div class=\"item--content\">\n                                            <\/div>\n                    <div class=\"pxl-item--readmore\">\n                        <a class=\"btn-readmore\" href=\"https:\/\/deeplandexpress.com\/fr\/service\/matieres-dangereuses\/\">\n                            <span>\n                                apprendre encore plus                            <\/span>\n                        <\/a>\n                    <\/div>\n                <\/div>\n            <\/div>\n        <\/div>\n                    <div class=\"pxl-grid-item col-xl-4 col-lg-4 col-md-4 col-sm-6 col-12 road\">\n                <div class=\"pxl-item--inner \" data-wow-duration=\"1.2s\">\n                                        <div class=\"pxl-item--featured\">\n                        <a href=\"https:\/\/deeplandexpress.com\/fr\/service\/solutions-de-cross-docking\/\">\n                            <img loading=\"lazy\" decoding=\"async\" class=\"\" src=\"https:\/\/deeplandexpress.com\/wp-content\/uploads\/2025\/08\/cross-docking-social.jpg\" width=\"600\" height=\"350\" alt=\"cross-docking-social\" title=\"cross-docking-social\" \/>                        <\/a>\n                    <\/div>\n                                <div class=\"wrap-inner\">\n                                                            <h5 class=\"pxl-item--title\">\n                        <a href=\"https:\/\/deeplandexpress.com\/fr\/service\/solutions-de-cross-docking\/\">Solutions de cross-docking<\/a>\n                    <\/h5>\n                    <div class=\"item--content\">\n                                            <\/div>\n                    <div class=\"pxl-item--readmore\">\n                        <a class=\"btn-readmore\" href=\"https:\/\/deeplandexpress.com\/fr\/service\/solutions-de-cross-docking\/\">\n                            <span>\n                                apprendre encore plus                            <\/span>\n                        <\/a>\n                    <\/div>\n                <\/div>\n            <\/div>\n        <\/div>\n                    <div class=\"pxl-grid-item col-xl-4 col-lg-4 col-md-4 col-sm-6 col-12 road\">\n                <div class=\"pxl-item--inner \" data-wow-duration=\"1.2s\">\n                                        <div class=\"pxl-item--featured\">\n                        <a href=\"https:\/\/deeplandexpress.com\/fr\/service\/lavage-professionnel-de-camions\/\">\n                            <img loading=\"lazy\" decoding=\"async\" class=\"\" src=\"https:\/\/deeplandexpress.com\/wp-content\/uploads\/2025\/08\/0052-740x460.jpg\" width=\"740\" height=\"460\" alt=\"0052\" title=\"0052\" \/>                        <\/a>\n                    <\/div>\n                                <div class=\"wrap-inner\">\n                                                            <h5 class=\"pxl-item--title\">\n                        <a href=\"https:\/\/deeplandexpress.com\/fr\/service\/lavage-professionnel-de-camions\/\">Lavage professionnel de camions<\/a>\n                    <\/h5>\n                    <div class=\"item--content\">\n                                            <\/div>\n                    <div class=\"pxl-item--readmore\">\n                        <a class=\"btn-readmore\" href=\"https:\/\/deeplandexpress.com\/fr\/service\/lavage-professionnel-de-camions\/\">\n                            <span>\n                                apprendre encore plus                            <\/span>\n                        <\/a>\n                    <\/div>\n                <\/div>\n            <\/div>\n        <\/div>\n            <\/div>\n        <\/div>\t\t\t\t<\/div>\n\t\t\t\t<\/div>\n\t\t\t\t\t<\/div>\r\n\t\t\t\t<\/div>\r\n\t\t\t\t<\/div>\n\t\t","protected":false},"excerpt":{"rendered":"<p>Services transfrontaliers Canada et \u00c9tats-Unis apprendre encore plus Services de transport sous douane apprendre encore plus FTL (camion complet) apprendre encore plus LTL (Chargement partiel) apprendre encore plus Marchandises g\u00e9n\u00e9ral apprendre encore plus Transport \u00e0 temp\u00e9rature contr\u00f4l\u00e9e apprendre encore plus Mati\u00e8res dangereuses apprendre encore plus Solutions de cross-docking apprendre encore plus Lavage professionnel de camions [&hellip;]<\/p>\n","protected":false},"author":1,"featured_media":13473,"parent":0,"menu_order":0,"comment_status":"closed","ping_status":"closed","template":"","meta":{"footnotes":""},"class_list":["post-13471","page","type-page","status-publish","has-post-thumbnail","hentry"],"yoast_head":"<!-- This site is optimized with the Yoast SEO plugin v25.7 - https:\/\/yoast.com\/wordpress\/plugins\/seo\/ -->\n<title>Nos services | solutions de transport express deepland<\/title>\n<meta name=\"robots\" content=\"index, follow, max-snippet:-1, max-image-preview:large, max-video-preview:-1\" \/>\n<link rel=\"canonical\" href=\"https:\/\/deeplandexpress.com\/fr\/services\/\" \/>\n<meta property=\"og:locale\" content=\"fr_FR\" \/>\n<meta property=\"og:type\" content=\"article\" \/>\n<meta property=\"og:title\" content=\"Nos services | solutions de transport express deepland\" \/>\n<meta property=\"og:description\" content=\"Services transfrontaliers Canada et \u00c9tats-Unis apprendre encore plus Services de transport sous douane apprendre encore plus FTL (camion complet) apprendre encore plus LTL (Chargement partiel) apprendre encore plus Marchandises g\u00e9n\u00e9ral apprendre encore plus Transport \u00e0 temp\u00e9rature contr\u00f4l\u00e9e apprendre encore plus Mati\u00e8res dangereuses apprendre encore plus Solutions de cross-docking apprendre encore plus Lavage professionnel de camions [&hellip;]\" \/>\n<meta property=\"og:url\" content=\"https:\/\/deeplandexpress.com\/fr\/services\/\" \/>\n<meta property=\"og:site_name\" content=\"Deepland\" \/>\n<meta property=\"article:modified_time\" content=\"2025-09-02T21:09:52+00:00\" \/>\n<meta property=\"og:image\" content=\"https:\/\/deeplandexpress.com\/wp-content\/uploads\/2025\/08\/0024-e1755271358333.jpg\" \/>\n\t<meta property=\"og:image:width\" content=\"2000\" \/>\n\t<meta property=\"og:image:height\" content=\"1660\" \/>\n\t<meta property=\"og:image:type\" content=\"image\/jpeg\" \/>\n<meta name=\"twitter:card\" content=\"summary_large_image\" \/>\n<meta name=\"twitter:label1\" content=\"Dur\u00e9e de lecture estim\u00e9e\" \/>\n\t<meta name=\"twitter:data1\" content=\"3 minutes\" \/>\n<script type=\"application\/ld+json\" class=\"yoast-schema-graph\">{\"@context\":\"https:\/\/schema.org\",\"@graph\":[{\"@type\":\"WebPage\",\"@id\":\"https:\/\/deeplandexpress.com\/fr\/services\/\",\"url\":\"https:\/\/deeplandexpress.com\/fr\/services\/\",\"name\":\"Nos services | solutions de transport express deepland\",\"isPartOf\":{\"@id\":\"https:\/\/deeplandexpress.com\/fr\/#website\"},\"primaryImageOfPage\":{\"@id\":\"https:\/\/deeplandexpress.com\/fr\/services\/#primaryimage\"},\"image\":{\"@id\":\"https:\/\/deeplandexpress.com\/fr\/services\/#primaryimage\"},\"thumbnailUrl\":\"https:\/\/deeplandexpress.com\/wp-content\/uploads\/2025\/08\/0024-e1755271358333.jpg\",\"datePublished\":\"2023-09-29T08:12:02+00:00\",\"dateModified\":\"2025-09-02T21:09:52+00:00\",\"breadcrumb\":{\"@id\":\"https:\/\/deeplandexpress.com\/fr\/services\/#breadcrumb\"},\"inLanguage\":\"fr-FR\",\"potentialAction\":[{\"@type\":\"ReadAction\",\"target\":[\"https:\/\/deeplandexpress.com\/fr\/services\/\"]}]},{\"@type\":\"ImageObject\",\"inLanguage\":\"fr-FR\",\"@id\":\"https:\/\/deeplandexpress.com\/fr\/services\/#primaryimage\",\"url\":\"https:\/\/deeplandexpress.com\/wp-content\/uploads\/2025\/08\/0024-e1755271358333.jpg\",\"contentUrl\":\"https:\/\/deeplandexpress.com\/wp-content\/uploads\/2025\/08\/0024-e1755271358333.jpg\",\"width\":2000,\"height\":1660},{\"@type\":\"BreadcrumbList\",\"@id\":\"https:\/\/deeplandexpress.com\/fr\/services\/#breadcrumb\",\"itemListElement\":[{\"@type\":\"ListItem\",\"position\":1,\"name\":\"Home\",\"item\":\"https:\/\/deeplandexpress.com\/fr\/\"},{\"@type\":\"ListItem\",\"position\":2,\"name\":\"Services\"}]},{\"@type\":\"WebSite\",\"@id\":\"https:\/\/deeplandexpress.com\/fr\/#website\",\"url\":\"https:\/\/deeplandexpress.com\/fr\/\",\"name\":\"Deepland\",\"description\":\"Deepland express | transport fiable \u00e0 travers le Canada et les \u00c9tats-Unis\",\"potentialAction\":[{\"@type\":\"SearchAction\",\"target\":{\"@type\":\"EntryPoint\",\"urlTemplate\":\"https:\/\/deeplandexpress.com\/fr\/?s={search_term_string}\"},\"query-input\":{\"@type\":\"PropertyValueSpecification\",\"valueRequired\":true,\"valueName\":\"search_term_string\"}}],\"inLanguage\":\"fr-FR\"}]}<\/script>\n<!-- \/ Yoast SEO plugin. -->","yoast_head_json":{"title":"Nos services | solutions de transport express deepland","robots":{"index":"index","follow":"follow","max-snippet":"max-snippet:-1","max-image-preview":"max-image-preview:large","max-video-preview":"max-video-preview:-1"},"canonical":"https:\/\/deeplandexpress.com\/fr\/services\/","og_locale":"fr_FR","og_type":"article","og_title":"Nos services | solutions de transport express deepland","og_description":"Services transfrontaliers Canada et \u00c9tats-Unis apprendre encore plus Services de transport sous douane apprendre encore plus FTL (camion complet) apprendre encore plus LTL (Chargement partiel) apprendre encore plus Marchandises g\u00e9n\u00e9ral apprendre encore plus Transport \u00e0 temp\u00e9rature contr\u00f4l\u00e9e apprendre encore plus Mati\u00e8res dangereuses apprendre encore plus Solutions de cross-docking apprendre encore plus Lavage professionnel de camions [&hellip;]","og_url":"https:\/\/deeplandexpress.com\/fr\/services\/","og_site_name":"Deepland","article_modified_time":"2025-09-02T21:09:52+00:00","og_image":[{"width":2000,"height":1660,"url":"https:\/\/deeplandexpress.com\/wp-content\/uploads\/2025\/08\/0024-e1755271358333.jpg","type":"image\/jpeg"}],"twitter_card":"summary_large_image","twitter_misc":{"Dur\u00e9e de lecture estim\u00e9e":"3 minutes"},"schema":{"@context":"https:\/\/schema.org","@graph":[{"@type":"WebPage","@id":"https:\/\/deeplandexpress.com\/fr\/services\/","url":"https:\/\/deeplandexpress.com\/fr\/services\/","name":"Nos services | solutions de transport express deepland","isPartOf":{"@id":"https:\/\/deeplandexpress.com\/fr\/#website"},"primaryImageOfPage":{"@id":"https:\/\/deeplandexpress.com\/fr\/services\/#primaryimage"},"image":{"@id":"https:\/\/deeplandexpress.com\/fr\/services\/#primaryimage"},"thumbnailUrl":"https:\/\/deeplandexpress.com\/wp-content\/uploads\/2025\/08\/0024-e1755271358333.jpg","datePublished":"2023-09-29T08:12:02+00:00","dateModified":"2025-09-02T21:09:52+00:00","breadcrumb":{"@id":"https:\/\/deeplandexpress.com\/fr\/services\/#breadcrumb"},"inLanguage":"fr-FR","potentialAction":[{"@type":"ReadAction","target":["https:\/\/deeplandexpress.com\/fr\/services\/"]}]},{"@type":"ImageObject","inLanguage":"fr-FR","@id":"https:\/\/deeplandexpress.com\/fr\/services\/#primaryimage","url":"https:\/\/deeplandexpress.com\/wp-content\/uploads\/2025\/08\/0024-e1755271358333.jpg","contentUrl":"https:\/\/deeplandexpress.com\/wp-content\/uploads\/2025\/08\/0024-e1755271358333.jpg","width":2000,"height":1660},{"@type":"BreadcrumbList","@id":"https:\/\/deeplandexpress.com\/fr\/services\/#breadcrumb","itemListElement":[{"@type":"ListItem","position":1,"name":"Home","item":"https:\/\/deeplandexpress.com\/fr\/"},{"@type":"ListItem","position":2,"name":"Services"}]},{"@type":"WebSite","@id":"https:\/\/deeplandexpress.com\/fr\/#website","url":"https:\/\/deeplandexpress.com\/fr\/","name":"Deepland","description":"Deepland express | transport fiable \u00e0 travers le Canada et les \u00c9tats-Unis","potentialAction":[{"@type":"SearchAction","target":{"@type":"EntryPoint","urlTemplate":"https:\/\/deeplandexpress.com\/fr\/?s={search_term_string}"},"query-input":{"@type":"PropertyValueSpecification","valueRequired":true,"valueName":"search_term_string"}}],"inLanguage":"fr-FR"}]}},"_links":{"self":[{"href":"https:\/\/deeplandexpress.com\/fr\/wp-json\/wp\/v2\/pages\/13471","targetHints":{"allow":["GET"]}}],"collection":[{"href":"https:\/\/deeplandexpress.com\/fr\/wp-json\/wp\/v2\/pages"}],"about":[{"href":"https:\/\/deeplandexpress.com\/fr\/wp-json\/wp\/v2\/types\/page"}],"author":[{"embeddable":true,"href":"https:\/\/deeplandexpress.com\/fr\/wp-json\/wp\/v2\/users\/1"}],"replies":[{"embeddable":true,"href":"https:\/\/deeplandexpress.com\/fr\/wp-json\/wp\/v2\/comments?post=13471"}],"version-history":[{"count":8,"href":"https:\/\/deeplandexpress.com\/fr\/wp-json\/wp\/v2\/pages\/13471\/revisions"}],"predecessor-version":[{"id":14830,"href":"https:\/\/deeplandexpress.com\/fr\/wp-json\/wp\/v2\/pages\/13471\/revisions\/14830"}],"wp:featuredmedia":[{"embeddable":true,"href":"https:\/\/deeplandexpress.com\/fr\/wp-json\/wp\/v2\/media\/13473"}],"wp:attachment":[{"href":"https:\/\/deeplandexpress.com\/fr\/wp-json\/wp\/v2\/media?parent=13471"}],"curies":[{"name":"wp","href":"https:\/\/api.w.org\/{rel}","templated":true}]}}