{"id":13472,"date":"2025-08-13T18:10:55","date_gmt":"2025-08-13T18:10:55","guid":{"rendered":"https:\/\/deeplandexpress.com\/camions-frigorifiques\/"},"modified":"2025-08-28T14:05:26","modified_gmt":"2025-08-28T14:05:26","slug":"camions-frigorifiques","status":"publish","type":"page","link":"https:\/\/deeplandexpress.com\/fr\/camions-frigorifiques\/","title":{"rendered":"Camions frigorifiques"},"content":{"rendered":"\t\t<div data-elementor-type=\"wp-page\" data-elementor-id=\"13472\" class=\"elementor elementor-13472 elementor-11142\" data-elementor-post-type=\"page\">\n\t\t\t\t<div class=\"elementor-element elementor-element-8c7b5d9 e-flex e-con-boxed e-con e-parent \" data-id=\"8c7b5d9\" data-element_type=\"container\">\t\t\t<div class=\"e-con-inner\">\r\n\t\t<div class=\"elementor-element elementor-element-b59d04c e-con-full e-flex e-con e-child \" data-id=\"b59d04c\" data-element_type=\"container\">\t\t<div class=\"elementor-element elementor-element-ea3f7e9 elementor-widget elementor-widget-theme-post-title elementor-page-title elementor-widget-heading\" data-id=\"ea3f7e9\" data-element_type=\"widget\" data-widget_type=\"theme-post-title.default\">\n\t\t\t\t\t<h1 class=\"elementor-heading-title elementor-size-default\">Camions frigorifiques<\/h1>\t\t\t\t<\/div>\n\t\t\t\t<div class=\"elementor-element elementor-element-d2d27ff elementor-widget elementor-widget-pxl_text_editor\" data-id=\"d2d27ff\" data-element_type=\"widget\" data-widget_type=\"pxl_text_editor.default\">\n\t\t\t\t<div class=\"elementor-widget-container\">\n\t\t\t\t\t<div class=\"pxl-text-editor\">\n\t<div class=\"pxl-item--inner \" data-wow-delay=\"ms\">\n\t\t<p>Deepland Express exploite une flotte de remorques r\u00e9frig\u00e9r\u00e9es (reefer) hautement performantes, con\u00e7ues pour transporter avec soin et pr\u00e9cision les marchandises sous temp\u00e9rature contr\u00f4l\u00e9e. Con\u00e7ues pour \u00eatre fiables, ces unit\u00e9s maintiennent un contr\u00f4le strict de la temp\u00e9rature tout au long du transport, ce qui les rend id\u00e9ales pour le transport de denr\u00e9es p\u00e9rissables, de produits alimentaires, de produits frais et d&#8217;autres marchandises sensibles \u00e0 la temp\u00e9rature. Notre \u00e9quipe veille \u00e0 ce que nos remorques frigorifiques soient r\u00e9guli\u00e8rement inspect\u00e9es et bien entretenues, chacune d&#8217;entre elles r\u00e9pondant \u00e0 des normes rigoureuses en mati\u00e8re de s\u00e9curit\u00e9 et de conformit\u00e9. Qu&#8217;il s&#8217;agisse de produits congel\u00e9s, r\u00e9frig\u00e9r\u00e9s ou chauff\u00e9s, nos remorques frigorifiques ont la solution pour votre marchandise. Gr\u00e2ce \u00e0 une technologie de pointe et \u00e0 des syst\u00e8mes de surveillance \u00e9lectroniques, Deepland Express garantit que chaque exp\u00e9dition arrive \u00e0 destination dans un \u00e9tat frais, s\u00e9curis\u00e9 et dans les d\u00e9lais.<\/p>\t\t\n\t<\/div>\n<\/div>\t\t\t\t<\/div>\n\t\t\t\t<\/div>\n\t\t\t\t<\/div>\r\n\t\t<div class=\"elementor-element elementor-element-f3a8db9 e-con-full e-flex e-con e-child \" data-id=\"f3a8db9\" data-element_type=\"container\">\t\t<div class=\"elementor-element elementor-element-8cc7b15 elementor-widget elementor-widget-theme-post-featured-image elementor-widget-image\" data-id=\"8cc7b15\" data-element_type=\"widget\" data-widget_type=\"theme-post-featured-image.default\">\n\t\t\t\t\t\t\t\t\t\t\t\t\t\t\t<img fetchpriority=\"high\" decoding=\"async\" width=\"1000\" height=\"533\" src=\"https:\/\/deeplandexpress.com\/wp-content\/uploads\/2025\/08\/IMG_2989.jpg\" class=\"attachment-full size-full wp-image-13475\" alt=\"\" srcset=\"https:\/\/deeplandexpress.com\/wp-content\/uploads\/2025\/08\/IMG_2989.jpg 1000w, https:\/\/deeplandexpress.com\/wp-content\/uploads\/2025\/08\/IMG_2989-300x160.jpg 300w, https:\/\/deeplandexpress.com\/wp-content\/uploads\/2025\/08\/IMG_2989-768x409.jpg 768w, https:\/\/deeplandexpress.com\/wp-content\/uploads\/2025\/08\/IMG_2989-600x320.jpg 600w\" sizes=\"(max-width: 1000px) 100vw, 1000px\" \/>\t\t\t\t\t\t\t\t\t\t\t\t\t\t\t<\/div>\n\t\t\t\t<\/div>\r\n\t\t\t\t\t<\/div>\r\n\t\t\t\t<\/div>\r\n\t\t\t\t<\/div>\n\t\t","protected":false},"excerpt":{"rendered":"<p>Deepland Express exploite une flotte de remorques r\u00e9frig\u00e9r\u00e9es (reefer) hautement performantes, con\u00e7ues pour transporter avec soin et pr\u00e9cision les marchandises sous temp\u00e9rature contr\u00f4l\u00e9e. Con\u00e7ues pour \u00eatre fiables, ces unit\u00e9s maintiennent un contr\u00f4le strict de la temp\u00e9rature tout au long du transport, ce qui les rend id\u00e9ales pour le transport de denr\u00e9es p\u00e9rissables, de produits alimentaires, [&hellip;]<\/p>\n","protected":false},"author":1,"featured_media":13475,"parent":0,"menu_order":0,"comment_status":"closed","ping_status":"closed","template":"","meta":{"footnotes":""},"class_list":["post-13472","page","type-page","status-publish","has-post-thumbnail","hentry"],"yoast_head":"<!-- This site is optimized with the Yoast SEO plugin v25.7 - https:\/\/yoast.com\/wordpress\/plugins\/seo\/ -->\n<title>Transport frigorifique &amp; exp\u00e9dition \u00e0 temp\u00e9rature contr\u00f4l\u00e9e | deepland express<\/title>\n<meta name=\"robots\" content=\"index, follow, max-snippet:-1, max-image-preview:large, max-video-preview:-1\" \/>\n<link rel=\"canonical\" href=\"https:\/\/deeplandexpress.com\/fr\/camions-frigorifiques\/\" \/>\n<meta property=\"og:locale\" content=\"fr_FR\" \/>\n<meta property=\"og:type\" content=\"article\" \/>\n<meta property=\"og:title\" content=\"Transport frigorifique &amp; exp\u00e9dition \u00e0 temp\u00e9rature contr\u00f4l\u00e9e | deepland express\" \/>\n<meta property=\"og:description\" content=\"Deepland Express exploite une flotte de remorques r\u00e9frig\u00e9r\u00e9es (reefer) hautement performantes, con\u00e7ues pour transporter avec soin et pr\u00e9cision les marchandises sous temp\u00e9rature contr\u00f4l\u00e9e. Con\u00e7ues pour \u00eatre fiables, ces unit\u00e9s maintiennent un contr\u00f4le strict de la temp\u00e9rature tout au long du transport, ce qui les rend id\u00e9ales pour le transport de denr\u00e9es p\u00e9rissables, de produits alimentaires, [&hellip;]\" \/>\n<meta property=\"og:url\" content=\"https:\/\/deeplandexpress.com\/fr\/camions-frigorifiques\/\" \/>\n<meta property=\"og:site_name\" content=\"Deepland\" \/>\n<meta property=\"article:modified_time\" content=\"2025-08-28T14:05:26+00:00\" \/>\n<meta property=\"og:image\" content=\"https:\/\/deeplandexpress.com\/wp-content\/uploads\/2025\/08\/IMG_2989.jpg\" \/>\n\t<meta property=\"og:image:width\" content=\"1000\" \/>\n\t<meta property=\"og:image:height\" content=\"533\" \/>\n\t<meta property=\"og:image:type\" content=\"image\/jpeg\" \/>\n<meta name=\"twitter:card\" content=\"summary_large_image\" \/>\n<meta name=\"twitter:label1\" content=\"Dur\u00e9e de lecture estim\u00e9e\" \/>\n\t<meta name=\"twitter:data1\" content=\"1 minute\" \/>\n<script type=\"application\/ld+json\" class=\"yoast-schema-graph\">{\"@context\":\"https:\/\/schema.org\",\"@graph\":[{\"@type\":\"WebPage\",\"@id\":\"https:\/\/deeplandexpress.com\/fr\/camions-frigorifiques\/\",\"url\":\"https:\/\/deeplandexpress.com\/fr\/camions-frigorifiques\/\",\"name\":\"Transport frigorifique & exp\u00e9dition \u00e0 temp\u00e9rature contr\u00f4l\u00e9e | deepland express\",\"isPartOf\":{\"@id\":\"https:\/\/deeplandexpress.com\/fr\/#website\"},\"primaryImageOfPage\":{\"@id\":\"https:\/\/deeplandexpress.com\/fr\/camions-frigorifiques\/#primaryimage\"},\"image\":{\"@id\":\"https:\/\/deeplandexpress.com\/fr\/camions-frigorifiques\/#primaryimage\"},\"thumbnailUrl\":\"https:\/\/deeplandexpress.com\/wp-content\/uploads\/2025\/08\/IMG_2989.jpg\",\"datePublished\":\"2025-08-13T18:10:55+00:00\",\"dateModified\":\"2025-08-28T14:05:26+00:00\",\"breadcrumb\":{\"@id\":\"https:\/\/deeplandexpress.com\/fr\/camions-frigorifiques\/#breadcrumb\"},\"inLanguage\":\"fr-FR\",\"potentialAction\":[{\"@type\":\"ReadAction\",\"target\":[\"https:\/\/deeplandexpress.com\/fr\/camions-frigorifiques\/\"]}]},{\"@type\":\"ImageObject\",\"inLanguage\":\"fr-FR\",\"@id\":\"https:\/\/deeplandexpress.com\/fr\/camions-frigorifiques\/#primaryimage\",\"url\":\"https:\/\/deeplandexpress.com\/wp-content\/uploads\/2025\/08\/IMG_2989.jpg\",\"contentUrl\":\"https:\/\/deeplandexpress.com\/wp-content\/uploads\/2025\/08\/IMG_2989.jpg\",\"width\":1000,\"height\":533},{\"@type\":\"BreadcrumbList\",\"@id\":\"https:\/\/deeplandexpress.com\/fr\/camions-frigorifiques\/#breadcrumb\",\"itemListElement\":[{\"@type\":\"ListItem\",\"position\":1,\"name\":\"Home\",\"item\":\"https:\/\/deeplandexpress.com\/fr\/\"},{\"@type\":\"ListItem\",\"position\":2,\"name\":\"Camions frigorifiques\"}]},{\"@type\":\"WebSite\",\"@id\":\"https:\/\/deeplandexpress.com\/fr\/#website\",\"url\":\"https:\/\/deeplandexpress.com\/fr\/\",\"name\":\"Deepland\",\"description\":\"Deepland express | transport fiable \u00e0 travers le Canada et les \u00c9tats-Unis\",\"potentialAction\":[{\"@type\":\"SearchAction\",\"target\":{\"@type\":\"EntryPoint\",\"urlTemplate\":\"https:\/\/deeplandexpress.com\/fr\/?s={search_term_string}\"},\"query-input\":{\"@type\":\"PropertyValueSpecification\",\"valueRequired\":true,\"valueName\":\"search_term_string\"}}],\"inLanguage\":\"fr-FR\"}]}<\/script>\n<!-- \/ Yoast SEO plugin. -->","yoast_head_json":{"title":"Transport frigorifique & exp\u00e9dition \u00e0 temp\u00e9rature contr\u00f4l\u00e9e | deepland express","robots":{"index":"index","follow":"follow","max-snippet":"max-snippet:-1","max-image-preview":"max-image-preview:large","max-video-preview":"max-video-preview:-1"},"canonical":"https:\/\/deeplandexpress.com\/fr\/camions-frigorifiques\/","og_locale":"fr_FR","og_type":"article","og_title":"Transport frigorifique & exp\u00e9dition \u00e0 temp\u00e9rature contr\u00f4l\u00e9e | deepland express","og_description":"Deepland Express exploite une flotte de remorques r\u00e9frig\u00e9r\u00e9es (reefer) hautement performantes, con\u00e7ues pour transporter avec soin et pr\u00e9cision les marchandises sous temp\u00e9rature contr\u00f4l\u00e9e. Con\u00e7ues pour \u00eatre fiables, ces unit\u00e9s maintiennent un contr\u00f4le strict de la temp\u00e9rature tout au long du transport, ce qui les rend id\u00e9ales pour le transport de denr\u00e9es p\u00e9rissables, de produits alimentaires, [&hellip;]","og_url":"https:\/\/deeplandexpress.com\/fr\/camions-frigorifiques\/","og_site_name":"Deepland","article_modified_time":"2025-08-28T14:05:26+00:00","og_image":[{"width":1000,"height":533,"url":"https:\/\/deeplandexpress.com\/wp-content\/uploads\/2025\/08\/IMG_2989.jpg","type":"image\/jpeg"}],"twitter_card":"summary_large_image","twitter_misc":{"Dur\u00e9e de lecture estim\u00e9e":"1 minute"},"schema":{"@context":"https:\/\/schema.org","@graph":[{"@type":"WebPage","@id":"https:\/\/deeplandexpress.com\/fr\/camions-frigorifiques\/","url":"https:\/\/deeplandexpress.com\/fr\/camions-frigorifiques\/","name":"Transport frigorifique & exp\u00e9dition \u00e0 temp\u00e9rature contr\u00f4l\u00e9e | deepland express","isPartOf":{"@id":"https:\/\/deeplandexpress.com\/fr\/#website"},"primaryImageOfPage":{"@id":"https:\/\/deeplandexpress.com\/fr\/camions-frigorifiques\/#primaryimage"},"image":{"@id":"https:\/\/deeplandexpress.com\/fr\/camions-frigorifiques\/#primaryimage"},"thumbnailUrl":"https:\/\/deeplandexpress.com\/wp-content\/uploads\/2025\/08\/IMG_2989.jpg","datePublished":"2025-08-13T18:10:55+00:00","dateModified":"2025-08-28T14:05:26+00:00","breadcrumb":{"@id":"https:\/\/deeplandexpress.com\/fr\/camions-frigorifiques\/#breadcrumb"},"inLanguage":"fr-FR","potentialAction":[{"@type":"ReadAction","target":["https:\/\/deeplandexpress.com\/fr\/camions-frigorifiques\/"]}]},{"@type":"ImageObject","inLanguage":"fr-FR","@id":"https:\/\/deeplandexpress.com\/fr\/camions-frigorifiques\/#primaryimage","url":"https:\/\/deeplandexpress.com\/wp-content\/uploads\/2025\/08\/IMG_2989.jpg","contentUrl":"https:\/\/deeplandexpress.com\/wp-content\/uploads\/2025\/08\/IMG_2989.jpg","width":1000,"height":533},{"@type":"BreadcrumbList","@id":"https:\/\/deeplandexpress.com\/fr\/camions-frigorifiques\/#breadcrumb","itemListElement":[{"@type":"ListItem","position":1,"name":"Home","item":"https:\/\/deeplandexpress.com\/fr\/"},{"@type":"ListItem","position":2,"name":"Camions frigorifiques"}]},{"@type":"WebSite","@id":"https:\/\/deeplandexpress.com\/fr\/#website","url":"https:\/\/deeplandexpress.com\/fr\/","name":"Deepland","description":"Deepland express | transport fiable \u00e0 travers le Canada et les \u00c9tats-Unis","potentialAction":[{"@type":"SearchAction","target":{"@type":"EntryPoint","urlTemplate":"https:\/\/deeplandexpress.com\/fr\/?s={search_term_string}"},"query-input":{"@type":"PropertyValueSpecification","valueRequired":true,"valueName":"search_term_string"}}],"inLanguage":"fr-FR"}]}},"_links":{"self":[{"href":"https:\/\/deeplandexpress.com\/fr\/wp-json\/wp\/v2\/pages\/13472","targetHints":{"allow":["GET"]}}],"collection":[{"href":"https:\/\/deeplandexpress.com\/fr\/wp-json\/wp\/v2\/pages"}],"about":[{"href":"https:\/\/deeplandexpress.com\/fr\/wp-json\/wp\/v2\/types\/page"}],"author":[{"embeddable":true,"href":"https:\/\/deeplandexpress.com\/fr\/wp-json\/wp\/v2\/users\/1"}],"replies":[{"embeddable":true,"href":"https:\/\/deeplandexpress.com\/fr\/wp-json\/wp\/v2\/comments?post=13472"}],"version-history":[{"count":4,"href":"https:\/\/deeplandexpress.com\/fr\/wp-json\/wp\/v2\/pages\/13472\/revisions"}],"predecessor-version":[{"id":13815,"href":"https:\/\/deeplandexpress.com\/fr\/wp-json\/wp\/v2\/pages\/13472\/revisions\/13815"}],"wp:featuredmedia":[{"embeddable":true,"href":"https:\/\/deeplandexpress.com\/fr\/wp-json\/wp\/v2\/media\/13475"}],"wp:attachment":[{"href":"https:\/\/deeplandexpress.com\/fr\/wp-json\/wp\/v2\/media?parent=13472"}],"curies":[{"name":"wp","href":"https:\/\/api.w.org\/{rel}","templated":true}]}}