{"id":13497,"date":"2023-09-29T08:10:27","date_gmt":"2023-09-29T08:10:27","guid":{"rendered":"https:\/\/deeplandexpress.com\/carrieres\/"},"modified":"2025-08-28T14:06:46","modified_gmt":"2025-08-28T14:06:46","slug":"carrieres","status":"publish","type":"page","link":"https:\/\/deeplandexpress.com\/fr\/carrieres\/","title":{"rendered":"Carri\u00e8res"},"content":{"rendered":"\t\t<div data-elementor-type=\"wp-page\" data-elementor-id=\"13497\" class=\"elementor elementor-13497 elementor-33\" data-elementor-post-type=\"page\">\n\t\t\t\t        <section class=\"elementor-section elementor-top-section elementor-element elementor-element-fc23c29 elementor-section-content-middle elementor-section-stretched elementor-section-boxed elementor-section-height-default elementor-section-height-default pxl-row-scroll-none pxl-section-overflow-visible pxl-bg-color-none pxl-section-overlay-none\" data-id=\"fc23c29\" data-element_type=\"section\" data-settings=\"{&quot;stretch_section&quot;:&quot;section-stretched&quot;}\">\n\n                \n                <div class=\"elementor-container elementor-column-gap-extended \">\n                <div class=\"elementor-column elementor-col-50 elementor-top-column elementor-element elementor-element-5f7a9bb pxl-column-none pxl-column-overflow-hidden-no\" data-id=\"5f7a9bb\" data-element_type=\"column\">\r\n        <div class=\"elementor-widget-wrap elementor-element-populated\">\r\n                     \r\n        \t\t<div class=\"elementor-element elementor-element-130ca49 elementor-widget elementor-widget-pxl_heading\" data-id=\"130ca49\" data-element_type=\"widget\" data-widget_type=\"pxl_heading.default\">\n\t\t\t\t<div class=\"elementor-widget-container\">\n\t\t\t\t\t<div id=\"pxl-pxl_heading-130ca49-3718\" class=\"pxl-heading pxl-heading--tcustom px-sub-title-box-style\">\n\t<div class=\"pxl-heading--inner\">\n\t\t\t\t\n\t\t<div class=\"pxl-item--subtitle px-sub-title-box \" data-wow-delay=\"ms\">\n\t\t\t<span class=\"pxl-item--subtext\">\n\t\t\t\t\t\t\t\tPRENDRE RENDEZ-VOUS\t\t\t<\/span>\n\t\t<\/div>\n\t\t\n\t<h3 class=\"pxl-item--title \" data-wow-delay=\"ms\">\n\tVous recherchez une opportunit\u00e9 de carri\u00e8re ?\t\t\t\n\t<\/h3>\n\t\n<\/div>\n<\/div>\t\t\t\t<\/div>\n\t\t\t\t<\/div>\n\t\t            <\/div>\r\n        <\/div>\r\n                <div class=\"elementor-column elementor-col-50 elementor-top-column elementor-element elementor-element-41561ff pxl-column-none pxl-column-overflow-hidden-no\" data-id=\"41561ff\" data-element_type=\"column\">\r\n        <div class=\"elementor-widget-wrap elementor-element-populated\">\r\n                     \r\n        \t\t<div class=\"elementor-element elementor-element-ccbc9e8 elementor-align-right elementor-align-left elementor-widget elementor-widget-pxl_button\" data-id=\"ccbc9e8\" data-element_type=\"widget\" data-widget_type=\"pxl_button.default\">\n\t\t\t\t<div class=\"elementor-widget-container\">\n\t\t\t\t\t<div id=\"pxl-pxl_button-ccbc9e8-4577\" class=\"pxl-button  inline\" data-wow-delay=\"ms\">\r\n                <a href=\"#\" class=\"btn btn-default top-left pxl-icon-active btn-primary  pxl-icon--left\" data-wow-delay=\"ms\">\r\n                                <span class=\"pxl--btn-text\" data-text=\"View All Circulars\">\r\n                View All Circulars                <\/span>\r\n                 \r\n            <\/a>\r\n        <\/div>\t\t\t\t<\/div>\n\t\t\t\t<\/div>\n\t\t            <\/div>\r\n        <\/div>\r\n        \t\t\t<\/div>\n\t\t<\/section>\n\t\t        <section class=\"elementor-section elementor-top-section elementor-element elementor-element-b12bb09 elementor-section-stretched elementor-section-boxed elementor-section-height-default elementor-section-height-default pxl-row-scroll-none pxl-section-overflow-visible pxl-bg-color-none pxl-section-overlay-none\" data-id=\"b12bb09\" data-element_type=\"section\" data-settings=\"{&quot;stretch_section&quot;:&quot;section-stretched&quot;}\">\n\n                \n                <div class=\"elementor-container elementor-column-gap-extended \">\n                <div class=\"elementor-column elementor-col-100 elementor-top-column elementor-element elementor-element-032a077 pxl-column-none pxl-column-overflow-hidden-no\" data-id=\"032a077\" data-element_type=\"column\">\r\n        <div class=\"elementor-widget-wrap elementor-element-populated\">\r\n                     \r\n        \t\t<div class=\"elementor-element elementor-element-831a247 pxl-post-layout-carrer-1 elementor-widget elementor-widget-pxl_post_grid\" data-id=\"831a247\" data-element_type=\"widget\" data-widget_type=\"pxl_post_grid.default\">\n\t\t\t\t<div class=\"elementor-widget-container\">\n\t\t\t\t\t\n<div id=\"pxl_post_grid-831a247-8681\" class=\"pxl-grid pxl-carrer-grid pxl-carrer-grid-layout1 pxl-carrer-style1\" data-layout=\"masonry\" data-start-page=\"1\" data-max-pages=\"1\" data-total=\"2\" data-perpage=\"9\" data-next-link=\"\">\n    \n    <div class=\"pxl-grid-inner pxl-grid-masonry row\" data-gutter=\"15\">\n        <div class=\"grid-sizer col-xl-4 col-lg-4 col-md-6 col-sm-6 col-12\"><\/div>\n                    <div class=\"pxl-grid-item col-xl-4 col-lg-4 col-md-6 col-sm-6 col-12 \">\n                <div class=\"pxl-item--holder\">\n                    <div class=\"meta-content\">\n                        <span class=\"pxl-item--date\">20 ao\u00fbt, 2025<\/span>\n                        <h5 class=\"pxl-item--title\">\n                            <a href=\"https:\/\/deeplandexpress.com\/fr\/career\/mecanicien-de-vehicules-commerciaux\/\">M\u00e9canicien de v\u00e9hicules commerciaux<\/a>\n                        <\/h5>\n                        <div class=\"pxl-item--button\">\n                            <a href=\"https:\/\/deeplandexpress.com\/fr\/career\/mecanicien-de-vehicules-commerciaux\/\">\n                                Find Out More                                <i class=\"flaticon flaticon-arrow-2\"><\/i>\n                            <\/a>\n                        <\/div>\n                    <\/div>\n                                            <div class=\"pxl-item--apply\">\n                            <a href=\"mailto:info@deeplandexpress.com\">\n                                Apply Here                            <\/a>\n                        <\/div>\n                                    <\/div>\n            <\/div>\n                        <div class=\"pxl-grid-item col-xl-4 col-lg-4 col-md-6 col-sm-6 col-12 \">\n                <div class=\"pxl-item--holder\">\n                    <div class=\"meta-content\">\n                        <span class=\"pxl-item--date\">01 ao\u00fbt, 2025<\/span>\n                        <h5 class=\"pxl-item--title\">\n                            <a href=\"https:\/\/deeplandexpress.com\/fr\/career\/permis-de-conduire-commercial-de-classe-1-cdl\/\">Permis de conduire commercial de classe 1 (CDL)<\/a>\n                        <\/h5>\n                        <div class=\"pxl-item--button\">\n                            <a href=\"https:\/\/deeplandexpress.com\/fr\/career\/permis-de-conduire-commercial-de-classe-1-cdl\/\">\n                                Find Out More                                <i class=\"flaticon flaticon-arrow-2\"><\/i>\n                            <\/a>\n                        <\/div>\n                    <\/div>\n                                            <div class=\"pxl-item--apply\">\n                            <a href=\"mailto:info@deeplandexpress.com\">\n                                Apply Here                            <\/a>\n                        <\/div>\n                                    <\/div>\n            <\/div>\n                <\/div>\n            <div class=\"pxl-grid-pagination\" data-loadmore=\"{&quot;post_type&quot;:&quot;carrer&quot;,&quot;layout&quot;:&quot;carrer-1&quot;,&quot;startPage&quot;:1,&quot;maxPages&quot;:1,&quot;total&quot;:2,&quot;perpage&quot;:9,&quot;nextLink&quot;:&quot;&quot;,&quot;source&quot;:&quot;&quot;,&quot;orderby&quot;:&quot;date&quot;,&quot;order&quot;:&quot;desc&quot;,&quot;limit&quot;:9,&quot;post_ids&quot;:[],&quot;col_xl&quot;:4,&quot;col_lg&quot;:4,&quot;col_md&quot;:6,&quot;col_sm&quot;:6,&quot;col_xs&quot;:12,&quot;pagination_type&quot;:&quot;pagination&quot;,&quot;button_apply&quot;:&quot;mailto:info@deeplandexpress.com&quot;,&quot;show_excerpt&quot;:&quot;true&quot;,&quot;num_words&quot;:25,&quot;show_button&quot;:&quot;true&quot;,&quot;button_text&quot;:&quot;&quot;,&quot;img_size&quot;:&quot;&quot;,&quot;grid_masonry&quot;:&quot;&quot;,&quot;pxl_animate&quot;:&quot;&quot;,&quot;html_id&quot;:&quot;pxl_post_grid-831a247-8681&quot;,&quot;tax&quot;:[&quot;carrer-category&quot;]}\" data-query=\"{&quot;post_type&quot;:&quot;carrer&quot;,&quot;post_status&quot;:&quot;publish&quot;,&quot;posts_per_page&quot;:9,&quot;order&quot;:&quot;desc&quot;,&quot;orderby&quot;:&quot;date&quot;,&quot;tax_query&quot;:{&quot;relation&quot;:&quot;OR&quot;},&quot;post__not_in&quot;:[13497]}\">\n                    <\/div>\n        <\/div>\t\t\t\t<\/div>\n\t\t\t\t<\/div>\n\t\t            <\/div>\r\n        <\/div>\r\n        \t\t\t<\/div>\n\t\t<\/section>\n\t\t<div class=\"elementor-element elementor-element-fe78ec1 e-flex e-con-boxed e-con e-parent \" data-id=\"fe78ec1\" data-element_type=\"container\">\t\t\t<div class=\"e-con-inner\">\r\n\t\t\t\t\t<\/div>\r\n\t\t\t\t<\/div>\r\n\t\t\t\t<\/div>\n\t\t","protected":false},"excerpt":{"rendered":"<p>PRENDRE RENDEZ-VOUS Vous recherchez une opportunit\u00e9 de carri\u00e8re ? View All Circulars 20 August, 2025 M\u00e9canicien de v\u00e9hicules commerciaux Find Out More Apply Here 01 August, 2025 Permis de conduire commercial de classe 1 (CDL) Find Out More Apply Here<\/p>\n","protected":false},"author":1,"featured_media":0,"parent":0,"menu_order":0,"comment_status":"closed","ping_status":"closed","template":"","meta":{"footnotes":""},"class_list":["post-13497","page","type-page","status-publish","hentry"],"yoast_head":"<!-- This site is optimized with the Yoast SEO plugin v25.7 - https:\/\/yoast.com\/wordpress\/plugins\/seo\/ -->\n<title>Carri\u00e8res chez deepland express | rejoignez notre \u00e9quipe<\/title>\n<meta name=\"robots\" content=\"index, follow, max-snippet:-1, max-image-preview:large, max-video-preview:-1\" \/>\n<link rel=\"canonical\" href=\"https:\/\/deeplandexpress.com\/fr\/carrieres\/\" \/>\n<meta property=\"og:locale\" content=\"fr_FR\" \/>\n<meta property=\"og:type\" content=\"article\" \/>\n<meta property=\"og:title\" content=\"Carri\u00e8res chez deepland express | rejoignez notre \u00e9quipe\" \/>\n<meta property=\"og:description\" content=\"PRENDRE RENDEZ-VOUS Vous recherchez une opportunit\u00e9 de carri\u00e8re ? View All Circulars 20 August, 2025 M\u00e9canicien de v\u00e9hicules commerciaux Find Out More Apply Here 01 August, 2025 Permis de conduire commercial de classe 1 (CDL) Find Out More Apply Here\" \/>\n<meta property=\"og:url\" content=\"https:\/\/deeplandexpress.com\/fr\/carrieres\/\" \/>\n<meta property=\"og:site_name\" content=\"Deepland\" \/>\n<meta property=\"article:modified_time\" content=\"2025-08-28T14:06:46+00:00\" \/>\n<meta name=\"twitter:card\" content=\"summary_large_image\" \/>\n<meta name=\"twitter:label1\" content=\"Dur\u00e9e de lecture estim\u00e9e\" \/>\n\t<meta name=\"twitter:data1\" content=\"1 minute\" \/>\n<script type=\"application\/ld+json\" class=\"yoast-schema-graph\">{\"@context\":\"https:\/\/schema.org\",\"@graph\":[{\"@type\":\"WebPage\",\"@id\":\"https:\/\/deeplandexpress.com\/fr\/carrieres\/\",\"url\":\"https:\/\/deeplandexpress.com\/fr\/carrieres\/\",\"name\":\"Carri\u00e8res chez deepland express | rejoignez notre \u00e9quipe\",\"isPartOf\":{\"@id\":\"https:\/\/deeplandexpress.com\/fr\/#website\"},\"datePublished\":\"2023-09-29T08:10:27+00:00\",\"dateModified\":\"2025-08-28T14:06:46+00:00\",\"breadcrumb\":{\"@id\":\"https:\/\/deeplandexpress.com\/fr\/carrieres\/#breadcrumb\"},\"inLanguage\":\"fr-FR\",\"potentialAction\":[{\"@type\":\"ReadAction\",\"target\":[\"https:\/\/deeplandexpress.com\/fr\/carrieres\/\"]}]},{\"@type\":\"BreadcrumbList\",\"@id\":\"https:\/\/deeplandexpress.com\/fr\/carrieres\/#breadcrumb\",\"itemListElement\":[{\"@type\":\"ListItem\",\"position\":1,\"name\":\"Home\",\"item\":\"https:\/\/deeplandexpress.com\/fr\/\"},{\"@type\":\"ListItem\",\"position\":2,\"name\":\"Carri\u00e8res\"}]},{\"@type\":\"WebSite\",\"@id\":\"https:\/\/deeplandexpress.com\/fr\/#website\",\"url\":\"https:\/\/deeplandexpress.com\/fr\/\",\"name\":\"Deepland\",\"description\":\"Deepland express | transport fiable \u00e0 travers le Canada et les \u00c9tats-Unis\",\"potentialAction\":[{\"@type\":\"SearchAction\",\"target\":{\"@type\":\"EntryPoint\",\"urlTemplate\":\"https:\/\/deeplandexpress.com\/fr\/?s={search_term_string}\"},\"query-input\":{\"@type\":\"PropertyValueSpecification\",\"valueRequired\":true,\"valueName\":\"search_term_string\"}}],\"inLanguage\":\"fr-FR\"}]}<\/script>\n<!-- \/ Yoast SEO plugin. -->","yoast_head_json":{"title":"Carri\u00e8res chez deepland express | rejoignez notre \u00e9quipe","robots":{"index":"index","follow":"follow","max-snippet":"max-snippet:-1","max-image-preview":"max-image-preview:large","max-video-preview":"max-video-preview:-1"},"canonical":"https:\/\/deeplandexpress.com\/fr\/carrieres\/","og_locale":"fr_FR","og_type":"article","og_title":"Carri\u00e8res chez deepland express | rejoignez notre \u00e9quipe","og_description":"PRENDRE RENDEZ-VOUS Vous recherchez une opportunit\u00e9 de carri\u00e8re ? View All Circulars 20 August, 2025 M\u00e9canicien de v\u00e9hicules commerciaux Find Out More Apply Here 01 August, 2025 Permis de conduire commercial de classe 1 (CDL) Find Out More Apply Here","og_url":"https:\/\/deeplandexpress.com\/fr\/carrieres\/","og_site_name":"Deepland","article_modified_time":"2025-08-28T14:06:46+00:00","twitter_card":"summary_large_image","twitter_misc":{"Dur\u00e9e de lecture estim\u00e9e":"1 minute"},"schema":{"@context":"https:\/\/schema.org","@graph":[{"@type":"WebPage","@id":"https:\/\/deeplandexpress.com\/fr\/carrieres\/","url":"https:\/\/deeplandexpress.com\/fr\/carrieres\/","name":"Carri\u00e8res chez deepland express | rejoignez notre \u00e9quipe","isPartOf":{"@id":"https:\/\/deeplandexpress.com\/fr\/#website"},"datePublished":"2023-09-29T08:10:27+00:00","dateModified":"2025-08-28T14:06:46+00:00","breadcrumb":{"@id":"https:\/\/deeplandexpress.com\/fr\/carrieres\/#breadcrumb"},"inLanguage":"fr-FR","potentialAction":[{"@type":"ReadAction","target":["https:\/\/deeplandexpress.com\/fr\/carrieres\/"]}]},{"@type":"BreadcrumbList","@id":"https:\/\/deeplandexpress.com\/fr\/carrieres\/#breadcrumb","itemListElement":[{"@type":"ListItem","position":1,"name":"Home","item":"https:\/\/deeplandexpress.com\/fr\/"},{"@type":"ListItem","position":2,"name":"Carri\u00e8res"}]},{"@type":"WebSite","@id":"https:\/\/deeplandexpress.com\/fr\/#website","url":"https:\/\/deeplandexpress.com\/fr\/","name":"Deepland","description":"Deepland express | transport fiable \u00e0 travers le Canada et les \u00c9tats-Unis","potentialAction":[{"@type":"SearchAction","target":{"@type":"EntryPoint","urlTemplate":"https:\/\/deeplandexpress.com\/fr\/?s={search_term_string}"},"query-input":{"@type":"PropertyValueSpecification","valueRequired":true,"valueName":"search_term_string"}}],"inLanguage":"fr-FR"}]}},"_links":{"self":[{"href":"https:\/\/deeplandexpress.com\/fr\/wp-json\/wp\/v2\/pages\/13497","targetHints":{"allow":["GET"]}}],"collection":[{"href":"https:\/\/deeplandexpress.com\/fr\/wp-json\/wp\/v2\/pages"}],"about":[{"href":"https:\/\/deeplandexpress.com\/fr\/wp-json\/wp\/v2\/types\/page"}],"author":[{"embeddable":true,"href":"https:\/\/deeplandexpress.com\/fr\/wp-json\/wp\/v2\/users\/1"}],"replies":[{"embeddable":true,"href":"https:\/\/deeplandexpress.com\/fr\/wp-json\/wp\/v2\/comments?post=13497"}],"version-history":[{"count":4,"href":"https:\/\/deeplandexpress.com\/fr\/wp-json\/wp\/v2\/pages\/13497\/revisions"}],"predecessor-version":[{"id":13825,"href":"https:\/\/deeplandexpress.com\/fr\/wp-json\/wp\/v2\/pages\/13497\/revisions\/13825"}],"wp:attachment":[{"href":"https:\/\/deeplandexpress.com\/fr\/wp-json\/wp\/v2\/media?parent=13497"}],"curies":[{"name":"wp","href":"https:\/\/api.w.org\/{rel}","templated":true}]}}